{"id":55,"date":"2017-04-27T21:58:14","date_gmt":"2017-04-27T21:58:14","guid":{"rendered":"http:\/\/dpsg-rv.de\/?page_id=55"},"modified":"2024-11-09T12:52:19","modified_gmt":"2024-11-09T12:52:19","slug":"stufen","status":"publish","type":"page","link":"https:\/\/dpsg-rv.de\/?page_id=55","title":{"rendered":"Stufen"},"content":{"rendered":"<p>Gruppenstunden:<\/p>\n<p><strong>W\u00f6lflinge<\/strong> &#8211; von der ersten Klasse bis 10 Jahren &#8211; <strong>Mittwochs, 16:00 Uhr bis 17:30 Uhr<\/strong><\/p>\n<p><strong>Jungpfadfinder<\/strong> &#8211; von 10 bis 14 Jahren &#8211; <strong>Mittwochs, 18:00 Uhr bis 19:30 Uhr<\/strong><\/p>\n<p><strong>Pfadfinder<\/strong> &#8211; von 14 bis 16 Jahren &#8211; <strong>Freitags, 15:15 Uhr bis 16:45 Uhr<\/strong><\/p>\n<p>Alle Gruppenstunden finden in unserem Pfadiheim statt. Dieses findet ihr in der<\/p>\n<p>Allmandstr.10<br \/>\n88212 Ravensburg<br \/>\nIm Geb\u00e4ude des katholischen Bildungswerkes<br \/>\n(Hinterer Eingang)<\/p>\n<p>&nbsp;<\/p>\n<table>\n<tbody>\n<tr>\n<td style=\"width: 139px;\"><img loading=\"lazy\" decoding=\"async\" class=\"aligncenter wp-image-135\" style=\"border: 0; padding: 0;\" src=\"http:\/\/dpsg-rv.de\/wp-content\/uploads\/2017\/04\/woelfi_trans-300x298.png\" alt=\"\" width=\"200\" height=\"199\" border=\"0\" srcset=\"https:\/\/dpsg-rv.de\/wp-content\/uploads\/2017\/04\/woelfi_trans-300x298.png 300w, https:\/\/dpsg-rv.de\/wp-content\/uploads\/2017\/04\/woelfi_trans-150x150.png 150w, https:\/\/dpsg-rv.de\/wp-content\/uploads\/2017\/04\/woelfi_trans-348x348.png 348w, https:\/\/dpsg-rv.de\/wp-content\/uploads\/2017\/04\/woelfi_trans.png 441w\" sizes=\"auto, (max-width: 200px) 100vw, 200px\" \/><\/td>\n<td style=\"width: 596.5px;\">Die W\u00f6lflingsgruppe (6-10 Jahre) ist die Gruppe der j\u00fcngsten Pfadfinder. Sie lernen aktiv und spielerisch sich selbst und ihre Umwelt. Als Stamm bieten wir ihnen die M\u00f6glichkeit neue Freunde kennenzulernen. <a href=\"http:\/\/dpsg-rv.de\/?page_id=110\">mehr&#8230;<\/a><\/td>\n<\/tr>\n<tr>\n<td style=\"width: 139px;\"><img loading=\"lazy\" decoding=\"async\" class=\"aligncenter wp-image-132\" style=\"border: 0; padding: 0;\" src=\"http:\/\/dpsg-rv.de\/wp-content\/uploads\/2017\/04\/Kobold_trans-180x300.png\" alt=\"\" width=\"200\" height=\"333\" srcset=\"https:\/\/dpsg-rv.de\/wp-content\/uploads\/2017\/04\/Kobold_trans-180x300.png 180w, https:\/\/dpsg-rv.de\/wp-content\/uploads\/2017\/04\/Kobold_trans.png 347w\" sizes=\"auto, (max-width: 200px) 100vw, 200px\" \/><\/td>\n<td style=\"width: 596.5px;\">Die Jungpfadfinder (10-14 Jahre) bilden eine abenteuerlustige Gruppe. Begierig darauf neue Dinge zu lernen und ihre eigenen F\u00e4higkeiten auszuprobieren st\u00fcrzen sie sich ins Leben. Sie lernen, dass sie nur im Team vorankommen und jedes Gruppenmitglied z\u00e4hlt. <a href=\"http:\/\/dpsg-rv.de\/?page_id=115\">mehr&#8230;<\/a><\/td>\n<\/tr>\n<tr>\n<td style=\"width: 139px;\"><img loading=\"lazy\" decoding=\"async\" class=\"aligncenter wp-image-64\" style=\"border: 0; padding: 0;\" src=\"http:\/\/dpsg-rv.de\/wp-content\/uploads\/2017\/04\/pfadfinderstufe-300x300.png\" alt=\"\" width=\"200\" height=\"200\" srcset=\"https:\/\/dpsg-rv.de\/wp-content\/uploads\/2017\/04\/pfadfinderstufe-300x300.png 300w, https:\/\/dpsg-rv.de\/wp-content\/uploads\/2017\/04\/pfadfinderstufe-150x150.png 150w, https:\/\/dpsg-rv.de\/wp-content\/uploads\/2017\/04\/pfadfinderstufe-768x768.png 768w, https:\/\/dpsg-rv.de\/wp-content\/uploads\/2017\/04\/pfadfinderstufe-1024x1024.png 1024w, https:\/\/dpsg-rv.de\/wp-content\/uploads\/2017\/04\/pfadfinderstufe-750x750.png 750w, https:\/\/dpsg-rv.de\/wp-content\/uploads\/2017\/04\/pfadfinderstufe-348x348.png 348w\" sizes=\"auto, (max-width: 200px) 100vw, 200px\" \/><\/td>\n<td style=\"width: 596.5px;\">Die Pfadfinder (14-16 Jahre) brechen langsam aus ihrem Alltag aus und stecken sich eigene Ziele. &#8222;Wagt es&#8220; ist ihr Motto. Durch gemeinsame Projekte und Aktionen inner- und au\u00dferhalb des Stammes erfahren sie in ihrer Gruppe Teamgeist und Vertrauen. <a href=\"http:\/\/dpsg-rv.de\/?page_id=234\">mehr&#8230;<\/a><\/td>\n<\/tr>\n<\/tbody>\n<\/table>\n<p>&nbsp;<\/p>\n<p>&nbsp;<\/p>\n","protected":false},"excerpt":{"rendered":"<p>Gruppenstunden: W\u00f6lflinge &#8211; von der ersten Klasse bis 10 Jahren &#8211; Mittwochs, 16:00 Uhr bis 17:30 Uhr Jungpfadfinder &#8211; von 10 bis 14 Jahren &#8211; Mittwochs, 18:00 Uhr bis 19:30 Uhr Pfadfinder &#8211; von 14 bis 16 Jahren &#8211; Freitags, 15:15 Uhr bis 16:45 Uhr Alle Gruppenstunden finden in unserem Pfadiheim statt. Dieses findet ihr&#8230;<\/p>\n","protected":false},"author":1,"featured_media":0,"parent":0,"menu_order":0,"comment_status":"closed","ping_status":"closed","template":"","meta":{"footnotes":""},"class_list":["post-55","page","type-page","status-publish","hentry"],"_links":{"self":[{"href":"https:\/\/dpsg-rv.de\/index.php?rest_route=\/wp\/v2\/pages\/55","targetHints":{"allow":["GET"]}}],"collection":[{"href":"https:\/\/dpsg-rv.de\/index.php?rest_route=\/wp\/v2\/pages"}],"about":[{"href":"https:\/\/dpsg-rv.de\/index.php?rest_route=\/wp\/v2\/types\/page"}],"author":[{"embeddable":true,"href":"https:\/\/dpsg-rv.de\/index.php?rest_route=\/wp\/v2\/users\/1"}],"replies":[{"embeddable":true,"href":"https:\/\/dpsg-rv.de\/index.php?rest_route=%2Fwp%2Fv2%2Fcomments&post=55"}],"version-history":[{"count":82,"href":"https:\/\/dpsg-rv.de\/index.php?rest_route=\/wp\/v2\/pages\/55\/revisions"}],"predecessor-version":[{"id":575,"href":"https:\/\/dpsg-rv.de\/index.php?rest_route=\/wp\/v2\/pages\/55\/revisions\/575"}],"wp:attachment":[{"href":"https:\/\/dpsg-rv.de\/index.php?rest_route=%2Fwp%2Fv2%2Fmedia&parent=55"}],"curies":[{"name":"wp","href":"https:\/\/api.w.org\/{rel}","templated":true}]}}