{"id":538,"date":"2023-10-14T09:03:34","date_gmt":"2023-10-14T09:03:34","guid":{"rendered":"https:\/\/dpsg-rv.de\/?page_id=538"},"modified":"2025-01-03T19:01:33","modified_gmt":"2025-01-03T19:01:33","slug":"gruppenstunden","status":"publish","type":"page","link":"https:\/\/dpsg-rv.de\/?page_id=538","title":{"rendered":"Gruppenstunden"},"content":{"rendered":"<p>Ihr m\u00f6chtet zur Gruppenstunde kommen? Hier sind die Zeiten f\u00fcr alle Altersstufen:<\/p>\n<p><strong>W\u00f6lflinge<\/strong> \u2013 von der ersten Klasse bis 10 Jahren \u2013 <strong>Dienstags, 17:15 Uhr bis 18:45 Uhr<\/strong><\/p>\n<p><strong>Jungpfadfinder<\/strong>\u00a0\u2013 von 10 bis 14 Jahren \u2013 <strong>Mittwochs, 18:00 Uhr bis 19:30 Uhr<\/strong><\/p>\n<p><strong>Pfadfinder<\/strong>\u00a0\u2013 von 14 bis 16 Jahren \u2013 <strong>Freitags, 15:15 Uhr bis 16:45 Uhr<\/strong><\/p>\n<p>Alle Gruppenstunden finden in unserem Pfadiheim statt. Dieses findet ihr in der<\/p>\n<p>Allmandstr.10<br \/>\n88212 Ravensburg<br \/>\nIm Geb\u00e4ude des katholischen Bildungswerkes<br \/>\n(Hinterer Eingang)<\/p>\n<p>Habt ihr noch Fragen? Dann schreibt und an <a href=\"mailto:dpsg.ravensburg@gmail.com\">dpsg.ravensburg@gmail.com<\/a><\/p>\n","protected":false},"excerpt":{"rendered":"<p>Ihr m\u00f6chtet zur Gruppenstunde kommen? Hier sind die Zeiten f\u00fcr alle Altersstufen: W\u00f6lflinge \u2013 von der ersten Klasse bis 10 Jahren \u2013 Dienstags, 17:15 Uhr bis 18:45 Uhr Jungpfadfinder\u00a0\u2013 von 10 bis 14 Jahren \u2013 Mittwochs, 18:00 Uhr bis 19:30 Uhr Pfadfinder\u00a0\u2013 von 14 bis 16 Jahren \u2013 Freitags, 15:15 Uhr bis 16:45 Uhr Alle&#8230;<\/p>\n","protected":false},"author":1,"featured_media":0,"parent":0,"menu_order":0,"comment_status":"closed","ping_status":"closed","template":"","meta":{"footnotes":""},"class_list":["post-538","page","type-page","status-publish","hentry"],"_links":{"self":[{"href":"https:\/\/dpsg-rv.de\/index.php?rest_route=\/wp\/v2\/pages\/538","targetHints":{"allow":["GET"]}}],"collection":[{"href":"https:\/\/dpsg-rv.de\/index.php?rest_route=\/wp\/v2\/pages"}],"about":[{"href":"https:\/\/dpsg-rv.de\/index.php?rest_route=\/wp\/v2\/types\/page"}],"author":[{"embeddable":true,"href":"https:\/\/dpsg-rv.de\/index.php?rest_route=\/wp\/v2\/users\/1"}],"replies":[{"embeddable":true,"href":"https:\/\/dpsg-rv.de\/index.php?rest_route=%2Fwp%2Fv2%2Fcomments&post=538"}],"version-history":[{"count":8,"href":"https:\/\/dpsg-rv.de\/index.php?rest_route=\/wp\/v2\/pages\/538\/revisions"}],"predecessor-version":[{"id":588,"href":"https:\/\/dpsg-rv.de\/index.php?rest_route=\/wp\/v2\/pages\/538\/revisions\/588"}],"wp:attachment":[{"href":"https:\/\/dpsg-rv.de\/index.php?rest_route=%2Fwp%2Fv2%2Fmedia&parent=538"}],"curies":[{"name":"wp","href":"https:\/\/api.w.org\/{rel}","templated":true}]}}