{"id":234,"date":"2017-07-09T12:33:44","date_gmt":"2017-07-09T12:33:44","guid":{"rendered":"http:\/\/dpsg-rv.de\/?page_id=234"},"modified":"2024-11-09T12:49:52","modified_gmt":"2024-11-09T12:49:52","slug":"pfadfinder","status":"publish","type":"page","link":"https:\/\/dpsg-rv.de\/?page_id=234","title":{"rendered":"Pfadfinder"},"content":{"rendered":"<p style=\"text-align: left;\" align=\"justify\">Die Pfadfinder sind eine Gruppe von derzeit 8 Jugendlichen. Gemeinsam mit ihrem Leiter Elias entscheiden sie selbst, \u00fcber welche Themen sie neues lernen m\u00f6chten und organisieren ihre Aktionen weitestgehend selbst. Bei dieser Stufe wird besonders viel Wert auf das Selbstst\u00e4ndig werden, Verantwortung \u00fcbernehmen und Eigeninitiative gelegt. Aber auch der Zusammenhalt als Gruppe ist uns sehr wichtig.<\/p>\n<p align=\"justify\">Du hast Lust ein paar neue Leute kennenzulernen und gemeinsam Aktionen auf die Beine zu stellen?<\/p>\n<p align=\"justify\">Dann bist du bei uns genau richtig! Schreib uns gerne eine Mail oder nutze bei weiteren Fragen unser <a href=\"http:\/\/dpsg-rv.de\/?page_id=68\">Kontaktformular<\/a>.<\/p>\n<p>Die Pfadfinder treffen sich <strong>F<\/strong><b>reitags um 15:15 Uhr &#8211; 16:45<\/b>\u00a0<strong>Uhr<\/strong> im <strong>Pfadiheim<\/strong>.<\/p>\n","protected":false},"excerpt":{"rendered":"<p>Die Pfadfinder sind eine Gruppe von derzeit 8 Jugendlichen. Gemeinsam mit ihrem Leiter Elias entscheiden sie selbst, \u00fcber welche Themen sie neues lernen m\u00f6chten und organisieren ihre Aktionen weitestgehend selbst. Bei dieser Stufe wird besonders viel Wert auf das Selbstst\u00e4ndig werden, Verantwortung \u00fcbernehmen und Eigeninitiative gelegt. Aber auch der Zusammenhalt als Gruppe ist uns sehr&#8230;<\/p>\n","protected":false},"author":1,"featured_media":0,"parent":55,"menu_order":0,"comment_status":"closed","ping_status":"closed","template":"","meta":{"footnotes":""},"class_list":["post-234","page","type-page","status-publish","hentry"],"_links":{"self":[{"href":"https:\/\/dpsg-rv.de\/index.php?rest_route=\/wp\/v2\/pages\/234","targetHints":{"allow":["GET"]}}],"collection":[{"href":"https:\/\/dpsg-rv.de\/index.php?rest_route=\/wp\/v2\/pages"}],"about":[{"href":"https:\/\/dpsg-rv.de\/index.php?rest_route=\/wp\/v2\/types\/page"}],"author":[{"embeddable":true,"href":"https:\/\/dpsg-rv.de\/index.php?rest_route=\/wp\/v2\/users\/1"}],"replies":[{"embeddable":true,"href":"https:\/\/dpsg-rv.de\/index.php?rest_route=%2Fwp%2Fv2%2Fcomments&post=234"}],"version-history":[{"count":16,"href":"https:\/\/dpsg-rv.de\/index.php?rest_route=\/wp\/v2\/pages\/234\/revisions"}],"predecessor-version":[{"id":573,"href":"https:\/\/dpsg-rv.de\/index.php?rest_route=\/wp\/v2\/pages\/234\/revisions\/573"}],"up":[{"embeddable":true,"href":"https:\/\/dpsg-rv.de\/index.php?rest_route=\/wp\/v2\/pages\/55"}],"wp:attachment":[{"href":"https:\/\/dpsg-rv.de\/index.php?rest_route=%2Fwp%2Fv2%2Fmedia&parent=234"}],"curies":[{"name":"wp","href":"https:\/\/api.w.org\/{rel}","templated":true}]}}