{"id":20,"date":"2017-04-27T21:57:09","date_gmt":"2017-04-27T21:57:09","guid":{"rendered":"http:\/\/dpsg-rv.de\/?page_id=20"},"modified":"2023-12-22T10:21:45","modified_gmt":"2023-12-22T10:21:45","slug":"herzlich-willkommen-bei-der-dpsg-ravensburg","status":"publish","type":"page","link":"https:\/\/dpsg-rv.de\/","title":{"rendered":"Herzlich Willkommen bei der DPSG Ravensburg!"},"content":{"rendered":"\n\t\t<!-- MasterSlider -->\n\t\t<div id=\"P_MS69d01c0aea5e5\" class=\"master-slider-parent msl ms-parent-id-1\" style=\"max-width:1000px;\">\n\n\t\t\t\n\t\t\t<!-- MasterSlider Main -->\n\t\t\t<div id=\"MS69d01c0aea5e5\" class=\"master-slider ms-skin-default\" >\n\t\t\t\t \t\t\t\t \n\t\t\t\t<div  class=\"ms-slide\" data-delay=\"3\" data-fill-mode=\"fill\"  >\n\t\t\t\t\t<img decoding=\"async\" src=\"https:\/\/dpsg-rv.de\/wp-content\/plugins\/master-slider\/public\/assets\/css\/blank.gif\" alt=\"\" title=\"\" data-src=\"https:\/\/dpsg-rv.de\/wp-content\/uploads\/2017\/04\/DSCN1177-1000x500.jpg\" \/>\n\n\n\t<div class=\"ms-thumb\" ><div class=\"ms-tab-context\"><div class=\"&quot;ms-tab-context&quot;\"><\/div><\/div>\n<\/div>\n\t\t\t\t<\/div>\n\t\t\t\t<div  class=\"ms-slide\" data-delay=\"3\" data-fill-mode=\"fill\"  >\n\t\t\t\t\t<img decoding=\"async\" src=\"https:\/\/dpsg-rv.de\/wp-content\/plugins\/master-slider\/public\/assets\/css\/blank.gif\" alt=\"\" title=\"\" data-src=\"https:\/\/dpsg-rv.de\/wp-content\/uploads\/2017\/04\/DSCN0892-1000x500.jpg\" \/>\n\n\n\t<div class=\"ms-thumb\" ><div class=\"ms-tab-context\"><div class=\"&quot;ms-tab-context&quot;\"><\/div><\/div>\n<\/div>\n\t\t\t\t<\/div>\n\t\t\t\t<div  class=\"ms-slide\" data-delay=\"3\" data-fill-mode=\"fill\"  >\n\t\t\t\t\t<img decoding=\"async\" src=\"https:\/\/dpsg-rv.de\/wp-content\/plugins\/master-slider\/public\/assets\/css\/blank.gif\" alt=\"\" title=\"\" data-src=\"https:\/\/dpsg-rv.de\/wp-content\/uploads\/2017\/04\/IMG_3163-1000x500.jpg\" \/>\n\n\n\t<div class=\"ms-thumb\" ><div class=\"ms-tab-context\"><div class=\"&quot;ms-tab-context&quot;\"><\/div><\/div>\n<\/div>\n\t\t\t\t<\/div>\n\t\t\t\t<div  class=\"ms-slide\" data-delay=\"3\" data-fill-mode=\"fit\"  >\n\t\t\t\t\t<img decoding=\"async\" src=\"https:\/\/dpsg-rv.de\/wp-content\/plugins\/master-slider\/public\/assets\/css\/blank.gif\" alt=\"\" title=\"\" data-src=\"https:\/\/dpsg-rv.de\/wp-content\/uploads\/2017\/04\/DSCN0799-1000x500.jpg\" \/>\n\n\n\t<div class=\"ms-thumb\" ><div class=\"ms-tab-context\"><div class=\"&quot;ms-tab-context&quot;\"><\/div><\/div>\n<\/div>\n\t\t\t\t<\/div>\n\t\t\t\t<div  class=\"ms-slide\" data-delay=\"3\" data-fill-mode=\"fill\"  >\n\t\t\t\t\t<img decoding=\"async\" src=\"https:\/\/dpsg-rv.de\/wp-content\/plugins\/master-slider\/public\/assets\/css\/blank.gif\" alt=\"\" title=\"\" data-src=\"https:\/\/dpsg-rv.de\/wp-content\/uploads\/2018\/11\/0055dd12-b5ad-4231-ace4-43744f3f0cf6-1000x500.jpg\" \/>\n\n\n\t<div class=\"ms-thumb\" ><div class=\"ms-tab-context\"><div class=\"&quot;ms-tab-context&quot;\"><\/div><\/div>\n<\/div>\n\t\t\t\t<\/div>\n\n\t\t\t<\/div>\n\t\t\t<!-- END MasterSlider Main -->\n\n\t\t\t \n\t\t<\/div>\n\t\t<!-- END MasterSlider -->\n\n\t\t<script>\n\t\t(function ( $ ) {\n\t\t\t\"use strict\";\n\n\t\t\t$(function () {\n\t\t\t\tvar masterslider_a5e5 = new MasterSlider();\n\n\t\t\t\t\/\/ slider controls\n\n\t\t\t\t\/\/ slider setup\n\t\t\t\tmasterslider_a5e5.setup(\"MS69d01c0aea5e5\", {\n\t\t\t\t\t\twidth           : 1000,\n\t\t\t\t\t\theight          : 500,\n\t\t\t\t\t\tminHeight       : 0,\n\t\t\t\t\t\tspace           : 0,\n\t\t\t\t\t\tstart           : 1,\n\t\t\t\t\t\tgrabCursor      : true,\n\t\t\t\t\t\tswipe           : true,\n\t\t\t\t\t\tmouse           : true,\n\t\t\t\t\t\tlayout          : \"boxed\",\n\t\t\t\t\t\twheel           : false,\n\t\t\t\t\t\tautoplay        : true,\n\t\t\t\t\t\tinstantStartLayers:false,\n\t\t\t\t\t\tloop            : true,\n\t\t\t\t\t\tshuffle         : true,\n\t\t\t\t\t\tpreload         : 0,\n\t\t\t\t\t\theightLimit     : true,\n\t\t\t\t\t\tautoHeight      : true,\n\t\t\t\t\t\tsmoothHeight    : true,\n\t\t\t\t\t\tendPause        : false,\n\t\t\t\t\t\toverPause       : true,\n\t\t\t\t\t\tfillMode        : \"fill\",\n\t\t\t\t\t\tcenterControls  : true,\n\t\t\t\t\t\tstartOnAppear   : false,\n\t\t\t\t\t\tlayersMode      : \"center\",\n\t\t\t\t\t\thideLayers      : false,\n\t\t\t\t\t\tfullscreenMargin: 0,\n\t\t\t\t\t\tspeed           : 10,\n\t\t\t\t\t\tdir             : \"h\",\n\t\t\t\t\t\tparallaxMode    : 'swipe',\n\t\t\t\t\t\tview            : \"basic\"\n\t\t\t\t});\n\n\t\t\t\t\n\t\t\t\twindow.masterslider_instances = window.masterslider_instances || [];\n\t\t\t\twindow.masterslider_instances.push( masterslider_a5e5 );\n\t\t\t });\n\n\t\t})(jQuery);\n\t\t<\/script>\n\n\n<p>&nbsp;<\/p>\n<p align=\"justify\">Wir freuen uns \u00fcber deinen Besuch auf unserer Webseite. Hier findest du alle Infos zu unserem Stamm, unseren Gruppenstunden und aktuellen Aktionen.<\/p>\n<p><em><strong>!!Leiter gesucht!!!<\/strong><\/em><\/p>\n<p>Da viele unserer Leiter in den letzten 2 Jahren Abitur gemacht haben und sich nun in die gro\u00dfe weite Welt aufmachen, um zu Studieren, eine Ausbildung zu machen, etc. Und hoffentlich auch noch weiterhin pfadfinderisch t\u00e4tig sein werden suchen wir nun dringend nach neuen, motivierten Leitern f\u00fcr unsere Gruppenstunden (einmal w\u00f6chentlich) und f\u00fcr weitere Stammesaktionen.<\/p>\n<p>Du bist\u2026<\/p>\n<p>\u2026 \u00fcber 14 (besser 16, noch besser 18) Jahre alt<\/p>\n<p>\u2026 hast Spa\u00df daran mit Kindern zu arbeiten<\/p>\n<p>\u2026 organisierst im Team gerne Freizeiten und Tagesausfl\u00fcge oder auch einfach nur 90-min\u00fctige Gruppenstunden<\/p>\n<p>\u2026 hast Lust in einem tollen Team mitzuarbeiten<\/p>\n<p>Alle unsere Leiter arbeiten ehrenamtlich. Eine fachgerechte Jugendleiterausbildung muss aber absolviert werden (die Kosten daf\u00fcr \u00fcbernimmt unser Stamm).<\/p>\n<p>Du brauchst keinerlei pfadfinderische Vorerfahrung, sondern lediglich Lust und Spa\u00df daran drau\u00dfen mit Kindern zu arbeiten.<\/p>\n<p>Wir haben dein Interesse geweckt?<\/p>\n<p>Dann schreib doch gerne eine Email an dpsg.ravensburg@gmail.com wir laden Dich dann gerne zu einer unserer Leiterrunden ein!<\/p>\n<p align=\"justify\"><em><strong>Bei Interesse an Gruppenstunden schreibt einfach eine Email an dpsg.ravensburg@gmail.com !<\/strong><\/em><\/p>\n","protected":false},"excerpt":{"rendered":"<p>&nbsp; Wir freuen uns \u00fcber deinen Besuch auf unserer Webseite. Hier findest du alle Infos zu unserem Stamm, unseren Gruppenstunden und aktuellen Aktionen. !!Leiter gesucht!!! Da viele unserer Leiter in den letzten 2 Jahren Abitur gemacht haben und sich nun in die gro\u00dfe weite Welt aufmachen, um zu Studieren, eine Ausbildung zu machen, etc. Und&#8230;<\/p>\n","protected":false},"author":1,"featured_media":0,"parent":0,"menu_order":0,"comment_status":"closed","ping_status":"closed","template":"","meta":{"footnotes":""},"class_list":["post-20","page","type-page","status-publish","hentry"],"_links":{"self":[{"href":"https:\/\/dpsg-rv.de\/index.php?rest_route=\/wp\/v2\/pages\/20","targetHints":{"allow":["GET"]}}],"collection":[{"href":"https:\/\/dpsg-rv.de\/index.php?rest_route=\/wp\/v2\/pages"}],"about":[{"href":"https:\/\/dpsg-rv.de\/index.php?rest_route=\/wp\/v2\/types\/page"}],"author":[{"embeddable":true,"href":"https:\/\/dpsg-rv.de\/index.php?rest_route=\/wp\/v2\/users\/1"}],"replies":[{"embeddable":true,"href":"https:\/\/dpsg-rv.de\/index.php?rest_route=%2Fwp%2Fv2%2Fcomments&post=20"}],"version-history":[{"count":18,"href":"https:\/\/dpsg-rv.de\/index.php?rest_route=\/wp\/v2\/pages\/20\/revisions"}],"predecessor-version":[{"id":561,"href":"https:\/\/dpsg-rv.de\/index.php?rest_route=\/wp\/v2\/pages\/20\/revisions\/561"}],"wp:attachment":[{"href":"https:\/\/dpsg-rv.de\/index.php?rest_route=%2Fwp%2Fv2%2Fmedia&parent=20"}],"curies":[{"name":"wp","href":"https:\/\/api.w.org\/{rel}","templated":true}]}}