{"id":16,"date":"2017-04-27T21:58:26","date_gmt":"2017-04-27T21:58:26","guid":{"rendered":"http:\/\/dpsg-rv.de\/?page_id=16"},"modified":"2018-11-07T14:17:06","modified_gmt":"2018-11-07T14:17:06","slug":"unser-stamm","status":"publish","type":"page","link":"https:\/\/dpsg-rv.de\/?page_id=16","title":{"rendered":"Unser Stamm"},"content":{"rendered":"<p align=\"justify\">Unseren Stamm gibt es bereits seit 1990.Unser Stammesname ist Impeesa. Der Gr\u00fcnder der Pfadfinder, Robert Baden Powell wurde so wohl w\u00e4hrend seiner Dienstzeit im Matabeleland (dem heutigen Simbabwe) genannt. In der \u00dcbersetzung wurde daraus \u201eder Wolf, der nie schl\u00e4ft\u201c, was mit dem pfadfinderischen Motto \u201eAllzeit bereit\u201c verbunden wird.<\/p>\n<p align=\"justify\">Unsere Kinder-und Jugendgruppen sind nach Altersgruppen getrennt und treffen sich jeweils in den w\u00f6chentlichen Gruppenstunden. Dar\u00fcber hinaus finden regelm\u00e4\u00dfige Stammesaktionen, wie zum Beispiel unser j\u00e4hrliches Pfingstlager, statt.<\/p>\n<p align=\"justify\">Uns ist es wichtig, die Welt mit wachen Augen zu sehen, an<br \/>\nHerausforderungen zu wachsen und zu erfahren, dass man gemeinsam viel<br \/>\nerreichen kann.<\/p>\n<p align=\"justify\">Als Pfadfinder m\u00f6chten wir uns gegen\u00fcber anderen respektvoll, tolerant und h\u00f6flich verhalten, einen engen Bezug zur Natur haben, ehrlich sein und Verantwortung gegen\u00fcber uns selbst und anderen \u00fcbernehmen. Wer uns kennenlernen m\u00f6chte, ist immer herzlich in die Gruppenstunden eingeladen! Wir freuen uns auch \u00fcber alle, die Interesse daran haben, im Leiterteam mitzuarbeiten.<\/p>\n<p align=\"justify\"><img loading=\"lazy\" decoding=\"async\" class=\"alignleft wp-image-305 size-large\" src=\"http:\/\/dpsg-rv.de\/wp-content\/uploads\/2018\/11\/c1a524a9-e805-4e0e-b027-a96361800da5-1024x768.jpg\" alt=\"\" width=\"1024\" height=\"768\" srcset=\"https:\/\/dpsg-rv.de\/wp-content\/uploads\/2018\/11\/c1a524a9-e805-4e0e-b027-a96361800da5-1024x768.jpg 1024w, https:\/\/dpsg-rv.de\/wp-content\/uploads\/2018\/11\/c1a524a9-e805-4e0e-b027-a96361800da5-300x225.jpg 300w, https:\/\/dpsg-rv.de\/wp-content\/uploads\/2018\/11\/c1a524a9-e805-4e0e-b027-a96361800da5-768x576.jpg 768w, https:\/\/dpsg-rv.de\/wp-content\/uploads\/2018\/11\/c1a524a9-e805-4e0e-b027-a96361800da5-750x563.jpg 750w, https:\/\/dpsg-rv.de\/wp-content\/uploads\/2018\/11\/c1a524a9-e805-4e0e-b027-a96361800da5.jpg 1280w\" sizes=\"auto, (max-width: 1024px) 100vw, 1024px\" \/><\/p>\n","protected":false},"excerpt":{"rendered":"<p>Unseren Stamm gibt es bereits seit 1990.Unser Stammesname ist Impeesa. Der Gr\u00fcnder der Pfadfinder, Robert Baden Powell wurde so wohl w\u00e4hrend seiner Dienstzeit im Matabeleland (dem heutigen Simbabwe) genannt. In der \u00dcbersetzung wurde daraus \u201eder Wolf, der nie schl\u00e4ft\u201c, was mit dem pfadfinderischen Motto \u201eAllzeit bereit\u201c verbunden wird. Unsere Kinder-und Jugendgruppen sind nach Altersgruppen getrennt&#8230;<\/p>\n","protected":false},"author":1,"featured_media":0,"parent":0,"menu_order":0,"comment_status":"closed","ping_status":"closed","template":"","meta":{"footnotes":""},"class_list":["post-16","page","type-page","status-publish","hentry"],"_links":{"self":[{"href":"https:\/\/dpsg-rv.de\/index.php?rest_route=\/wp\/v2\/pages\/16","targetHints":{"allow":["GET"]}}],"collection":[{"href":"https:\/\/dpsg-rv.de\/index.php?rest_route=\/wp\/v2\/pages"}],"about":[{"href":"https:\/\/dpsg-rv.de\/index.php?rest_route=\/wp\/v2\/types\/page"}],"author":[{"embeddable":true,"href":"https:\/\/dpsg-rv.de\/index.php?rest_route=\/wp\/v2\/users\/1"}],"replies":[{"embeddable":true,"href":"https:\/\/dpsg-rv.de\/index.php?rest_route=%2Fwp%2Fv2%2Fcomments&post=16"}],"version-history":[{"count":6,"href":"https:\/\/dpsg-rv.de\/index.php?rest_route=\/wp\/v2\/pages\/16\/revisions"}],"predecessor-version":[{"id":306,"href":"https:\/\/dpsg-rv.de\/index.php?rest_route=\/wp\/v2\/pages\/16\/revisions\/306"}],"wp:attachment":[{"href":"https:\/\/dpsg-rv.de\/index.php?rest_route=%2Fwp%2Fv2%2Fmedia&parent=16"}],"curies":[{"name":"wp","href":"https:\/\/api.w.org\/{rel}","templated":true}]}}