{"id":110,"date":"2017-04-27T21:58:35","date_gmt":"2017-04-27T21:58:35","guid":{"rendered":"http:\/\/dpsg-rv.de\/?page_id=110"},"modified":"2024-11-09T12:25:39","modified_gmt":"2024-11-09T12:25:39","slug":"woelflinge","status":"publish","type":"page","link":"https:\/\/dpsg-rv.de\/?page_id=110","title":{"rendered":"W\u00f6lflinge"},"content":{"rendered":"<p align=\"justify\">Wir W\u00f6lflinge sind eine Gruppe von derzeit 10 Kindern zwischen 6 und 10 Jahren. Unsere Leiter hei\u00dfen Marie, Lena, Isabella und Mialou.<br \/>\nIn den Gruppenstunden sind wir so gut wie immer drau\u00dfen, lassen aber auch die pfadfinderischen Grundlagen nicht zu kurz kommen. Auf spielerische Weise\u00a0lernen wir die Pfadfindergrundlagen wie Knoten, Feuerarten, Baumarten, Wegzeichen\u00a0und nat\u00fcrlich vieles \u00fcber die Geschichte und die Urspr\u00fcnge der Pfadfinder.<\/p>\n<p align=\"justify\">Die W\u00f6lflinge treffen sich\u00a0<strong>dienstags von 17.15-18:45 <\/strong>im<strong> Pfadiheim.<br \/>\n<\/strong>Wir freuen uns immer \u00fcber neue Gesichter. Wenn ihr Fragen habt schreibt eine Email direkt an dpsg.ravensburg@gmail.com oder nutzt doch einfach unser <a href=\"http:\/\/dpsg-rv.de\/?page_id=68\">Kontaktformular<\/a><\/p>\n<p align=\"justify\">.<img loading=\"lazy\" decoding=\"async\" class=\"wp-image-325 alignleft\" src=\"http:\/\/dpsg-rv.de\/wp-content\/uploads\/2019\/02\/IMG_7683-300x225.jpg\" alt=\"\" width=\"648\" height=\"486\" srcset=\"https:\/\/dpsg-rv.de\/wp-content\/uploads\/2019\/02\/IMG_7683-300x225.jpg 300w, https:\/\/dpsg-rv.de\/wp-content\/uploads\/2019\/02\/IMG_7683-768x576.jpg 768w, https:\/\/dpsg-rv.de\/wp-content\/uploads\/2019\/02\/IMG_7683-1024x768.jpg 1024w, https:\/\/dpsg-rv.de\/wp-content\/uploads\/2019\/02\/IMG_7683-750x563.jpg 750w\" sizes=\"auto, (max-width: 648px) 100vw, 648px\" \/><\/p>\n<p align=\"justify\"><img loading=\"lazy\" decoding=\"async\" class=\"alignnone wp-image-288 size-large\" src=\"http:\/\/dpsg-rv.de\/wp-content\/uploads\/2018\/11\/IMG_3920-1024x768.jpg\" alt=\"\" width=\"1024\" height=\"768\" srcset=\"https:\/\/dpsg-rv.de\/wp-content\/uploads\/2018\/11\/IMG_3920-1024x768.jpg 1024w, https:\/\/dpsg-rv.de\/wp-content\/uploads\/2018\/11\/IMG_3920-300x225.jpg 300w, https:\/\/dpsg-rv.de\/wp-content\/uploads\/2018\/11\/IMG_3920-768x576.jpg 768w, https:\/\/dpsg-rv.de\/wp-content\/uploads\/2018\/11\/IMG_3920-750x563.jpg 750w\" sizes=\"auto, (max-width: 1024px) 100vw, 1024px\" \/><\/p>\n","protected":false},"excerpt":{"rendered":"<p>Wir W\u00f6lflinge sind eine Gruppe von derzeit 10 Kindern zwischen 6 und 10 Jahren. Unsere Leiter hei\u00dfen Marie, Lena, Isabella und Mialou. In den Gruppenstunden sind wir so gut wie immer drau\u00dfen, lassen aber auch die pfadfinderischen Grundlagen nicht zu kurz kommen. Auf spielerische Weise\u00a0lernen wir die Pfadfindergrundlagen wie Knoten, Feuerarten, Baumarten, Wegzeichen\u00a0und nat\u00fcrlich vieles&#8230;<\/p>\n","protected":false},"author":1,"featured_media":0,"parent":55,"menu_order":0,"comment_status":"closed","ping_status":"closed","template":"","meta":{"footnotes":""},"class_list":["post-110","page","type-page","status-publish","hentry"],"_links":{"self":[{"href":"https:\/\/dpsg-rv.de\/index.php?rest_route=\/wp\/v2\/pages\/110","targetHints":{"allow":["GET"]}}],"collection":[{"href":"https:\/\/dpsg-rv.de\/index.php?rest_route=\/wp\/v2\/pages"}],"about":[{"href":"https:\/\/dpsg-rv.de\/index.php?rest_route=\/wp\/v2\/types\/page"}],"author":[{"embeddable":true,"href":"https:\/\/dpsg-rv.de\/index.php?rest_route=\/wp\/v2\/users\/1"}],"replies":[{"embeddable":true,"href":"https:\/\/dpsg-rv.de\/index.php?rest_route=%2Fwp%2Fv2%2Fcomments&post=110"}],"version-history":[{"count":21,"href":"https:\/\/dpsg-rv.de\/index.php?rest_route=\/wp\/v2\/pages\/110\/revisions"}],"predecessor-version":[{"id":566,"href":"https:\/\/dpsg-rv.de\/index.php?rest_route=\/wp\/v2\/pages\/110\/revisions\/566"}],"up":[{"embeddable":true,"href":"https:\/\/dpsg-rv.de\/index.php?rest_route=\/wp\/v2\/pages\/55"}],"wp:attachment":[{"href":"https:\/\/dpsg-rv.de\/index.php?rest_route=%2Fwp%2Fv2%2Fmedia&parent=110"}],"curies":[{"name":"wp","href":"https:\/\/api.w.org\/{rel}","templated":true}]}}